{"id":598,"date":"2026-01-25T18:59:27","date_gmt":"2026-01-25T18:59:27","guid":{"rendered":"https:\/\/itgrienenest.nl\/?page_id=598"},"modified":"2026-01-25T19:13:01","modified_gmt":"2026-01-25T19:13:01","slug":"reserveren","status":"publish","type":"page","link":"https:\/\/itgrienenest.nl\/de\/reserveren\/","title":{"rendered":"Reserveren"},"content":{"rendered":"\n<h2 class=\"wp-block-heading\">\ud83c\udf3f Reserveren bij It Griene N\u00east<\/h2>\n\n\n\n<h3 class=\"wp-block-heading\">Nederlands<\/h3>\n\n\n\n<p>Wil je bij ons komen overnachten met je camper?<br>Vul hieronder eenvoudig je gegevens in en dien een reserveringsaanvraag in.<\/p>\n\n\n\n<p>Na je aanvraag:<br>\u2705 controleren wij de beschikbaarheid<br>\u2705 ontvang je binnen 24 uur een persoonlijke bevestiging per e-mail<\/p>\n\n\n\n<p>Let op:<br>Dit is een <strong>aanvraag<\/strong>, geen directe boeking.<br>Je plek is pas definitief na onze bevestiging.<\/p>\n\n\n\n<p>Heb je vragen? Mail gerust naar <strong><a>info@itgrienenest.nl<\/a><\/strong><\/p>\n\n\n\n<h3 class=\"wp-block-heading\">Deutsch<\/h3>\n\n\n\n<p>M\u00f6chten Sie mit Ihrem Wohnmobil bei uns \u00fcbernachten?<br>F\u00fcllen Sie einfach das Formular aus und senden Sie uns Ihre Reservierungsanfrage.<\/p>\n\n\n\n<p>Nach Ihrer Anfrage:<br>\u2705 pr\u00fcfen wir die Verf\u00fcgbarkeit<br>\u2705 erhalten Sie innerhalb von 24 Stunden eine pers\u00f6nliche Best\u00e4tigung per E-Mail<\/p>\n\n\n\n<p>Bitte beachten Sie:<br>Dies ist <strong>noch keine feste Buchung<\/strong>.<br>Ihr Stellplatz ist erst nach unserer Best\u00e4tigung reserviert.<\/p>\n\n\n\n<p>Fragen? Schreiben Sie uns gerne an <strong><a>info@itgrienenest.nl<\/a><\/strong><\/p>\n\n\n<style id=\"wpforms-css-vars-585-block-58718208-cbd4-4f8e-8c06-7796f0e9e8b9\">\n\t\t\t\t#wpforms-585.wpforms-block-58718208-cbd4-4f8e-8c06-7796f0e9e8b9 {\n\t\t\t\t--wpforms-field-size-input-height: 43px;\n--wpforms-field-size-input-spacing: 15px;\n--wpforms-field-size-font-size: 16px;\n--wpforms-field-size-line-height: 19px;\n--wpforms-field-size-padding-h: 14px;\n--wpforms-field-size-checkbox-size: 16px;\n--wpforms-field-size-sublabel-spacing: 5px;\n--wpforms-field-size-icon-size: 1;\n--wpforms-label-size-font-size: 16px;\n--wpforms-label-size-line-height: 19px;\n--wpforms-label-size-sublabel-font-size: 14px;\n--wpforms-label-size-sublabel-line-height: 17px;\n--wpforms-button-size-font-size: 17px;\n--wpforms-button-size-height: 41px;\n--wpforms-button-size-padding-h: 15px;\n--wpforms-button-size-margin-top: 10px;\n\t\t\t}\n\t\t\t<\/style><div class=\"wpforms-container wpforms-container-full wpforms-block wpforms-block-58718208-cbd4-4f8e-8c06-7796f0e9e8b9 wpforms-render-modern\" id=\"wpforms-585\"><form id=\"wpforms-form-585\" class=\"wpforms-validate wpforms-form wpforms-ajax-form\" data-formid=\"585\" method=\"post\" enctype=\"multipart\/form-data\" action=\"\/de\/wp-json\/wp\/v2\/pages\/598\" data-token=\"c7d45bdac20810ca87eede3205cf590a\" data-token-time=\"1776424104\"><noscript class=\"wpforms-error-noscript\">Bitte aktiviere JavaScript in deinem Browser, um dieses Formular fertigzustellen.<\/noscript><div id=\"wpforms-error-noscript\" style=\"display: none;\">Bitte aktiviere JavaScript in deinem Browser, um dieses Formular fertigzustellen.<\/div><div class=\"wpforms-field-container\">\t\t<div id=\"wpforms-585-field_1-container\"\n\t\t\tclass=\"wpforms-field wpforms-field-text\"\n\t\t\tdata-field-type=\"text\"\n\t\t\tdata-field-id=\"1\"\n\t\t\t>\n\t\t\t<label class=\"wpforms-field-label\" for=\"wpforms-585-field_1\" >Aankomst Vertrek Opmerkingen<\/label>\n\t\t\t<input type=\"text\" id=\"wpforms-585-field_1\" class=\"wpforms-field-medium\" name=\"wpforms[fields][1]\" >\n\t\t<\/div>\n\t\t<div id=\"wpforms-585-field_7-container\" class=\"wpforms-field wpforms-field-name\" data-field-id=\"7\"><fieldset><legend class=\"wpforms-field-label\">Naam <span class=\"wpforms-required-label\" aria-hidden=\"true\">*<\/span><\/legend><div class=\"wpforms-field-row wpforms-field-medium\"><div class=\"wpforms-field-row-block wpforms-first wpforms-one-half\"><input type=\"text\" id=\"wpforms-585-field_7\" class=\"wpforms-field-name-first wpforms-field-required\" name=\"wpforms[fields][7][first]\" aria-errormessage=\"wpforms-585-field_7-error\" required><label for=\"wpforms-585-field_7\" class=\"wpforms-field-sublabel after\">Vorname<\/label><\/div><div class=\"wpforms-field-row-block wpforms-one-half\"><input type=\"text\" id=\"wpforms-585-field_7-last\" class=\"wpforms-field-name-last wpforms-field-required\" name=\"wpforms[fields][7][last]\" aria-errormessage=\"wpforms-585-field_7-last-error\" required><label for=\"wpforms-585-field_7-last\" class=\"wpforms-field-sublabel after\">Nachname<\/label><\/div><\/div><\/fieldset><\/div><div id=\"wpforms-585-field_8-container\" class=\"wpforms-field wpforms-field-email\" data-field-id=\"8\"><label class=\"wpforms-field-label\" for=\"wpforms-585-field_8\">E-mail <span class=\"wpforms-required-label\" aria-hidden=\"true\">*<\/span><\/label><input type=\"email\" id=\"wpforms-585-field_8\" class=\"wpforms-field-medium wpforms-field-required\" name=\"wpforms[fields][8]\" spellcheck=\"false\" aria-errormessage=\"wpforms-585-field_8-error\" required><\/div><div id=\"wpforms-585-field_9-container\" class=\"wpforms-field wpforms-field-text\" data-field-id=\"9\"><label class=\"wpforms-field-label\" for=\"wpforms-585-field_9\">Telefoonnummer <span class=\"wpforms-required-label\" aria-hidden=\"true\">*<\/span><\/label><input type=\"text\" id=\"wpforms-585-field_9\" class=\"wpforms-field-medium wpforms-field-required\" name=\"wpforms[fields][9]\" aria-errormessage=\"wpforms-585-field_9-error\" required><\/div><div id=\"wpforms-585-field_10-container\" class=\"wpforms-field wpforms-field-text\" data-field-id=\"10\"><label class=\"wpforms-field-label\" for=\"wpforms-585-field_10\">Aankomst datum <span class=\"wpforms-required-label\" aria-hidden=\"true\">*<\/span><\/label><input type=\"text\" id=\"wpforms-585-field_10\" class=\"wpforms-field-medium wpforms-field-required\" name=\"wpforms[fields][10]\" aria-errormessage=\"wpforms-585-field_10-error\" aria-describedby=\"wpforms-585-field_10-description\" required><div id=\"wpforms-585-field_10-description\" class=\"wpforms-field-description\">dd-mm-jjjj<\/div><\/div><div id=\"wpforms-585-field_11-container\" class=\"wpforms-field wpforms-field-text\" data-field-id=\"11\"><label class=\"wpforms-field-label\" for=\"wpforms-585-field_11\">Vertrek datum <span class=\"wpforms-required-label\" aria-hidden=\"true\">*<\/span><\/label><input type=\"text\" id=\"wpforms-585-field_11\" class=\"wpforms-field-medium wpforms-field-required\" name=\"wpforms[fields][11]\" aria-errormessage=\"wpforms-585-field_11-error\" aria-describedby=\"wpforms-585-field_11-description\" required><div id=\"wpforms-585-field_11-description\" class=\"wpforms-field-description\">dd-mm-jjjj<\/div><\/div><div id=\"wpforms-585-field_12-container\" class=\"wpforms-field wpforms-field-select wpforms-field-select-style-classic\" data-field-id=\"12\"><label class=\"wpforms-field-label\" for=\"wpforms-585-field_12\">Aantal personen <span class=\"wpforms-required-label\" aria-hidden=\"true\">*<\/span><\/label><select id=\"wpforms-585-field_12\" class=\"wpforms-field-medium wpforms-field-required\" name=\"wpforms[fields][12]\" required=\"required\"><option value=\"1\"  selected='selected' class=\"choice-1 depth-1\"  >1<\/option><option value=\"2\"  class=\"choice-2 depth-1\"  >2<\/option><option value=\"3\"  class=\"choice-3 depth-1\"  >3<\/option><option value=\"4\"  class=\"choice-4 depth-1\"  >4<\/option><option value=\"5\"  class=\"choice-5 depth-1\"  >5<\/option><option value=\"6\"  class=\"choice-6 depth-1\"  >6<\/option><\/select><\/div><div id=\"wpforms-585-field_16-container\" class=\"wpforms-field wpforms-field-checkbox\" data-field-id=\"16\"><fieldset><legend class=\"wpforms-field-label\">Opties<\/legend><ul id=\"wpforms-585-field_16\"><li class=\"choice-1 depth-1\"><input type=\"checkbox\" id=\"wpforms-585-field_16_1\" name=\"wpforms[fields][16][]\" value=\"Elektriciteit (\u20ac0,65 per kwh achteraf)\" aria-errormessage=\"wpforms-585-field_16_1-error\"  ><label class=\"wpforms-field-label-inline\" for=\"wpforms-585-field_16_1\">Elektriciteit (\u20ac0,65 per kwh achteraf)<\/label><\/li><li class=\"choice-2 depth-1\"><input type=\"checkbox\" id=\"wpforms-585-field_16_2\" name=\"wpforms[fields][16][]\" value=\"Huisdier(en)\" aria-errormessage=\"wpforms-585-field_16_2-error\"  ><label class=\"wpforms-field-label-inline\" for=\"wpforms-585-field_16_2\">Huisdier(en)<\/label><\/li><\/ul><\/fieldset><\/div><div id=\"wpforms-585-field_15-container\" class=\"wpforms-field wpforms-field-textarea\" data-field-id=\"15\"><label class=\"wpforms-field-label\" for=\"wpforms-585-field_15\">Opmerkingen<\/label><textarea id=\"wpforms-585-field_15\" class=\"wpforms-field-medium\" name=\"wpforms[fields][15]\" aria-errormessage=\"wpforms-585-field_15-error\" ><\/textarea><\/div><script>\n\t\t\t\t( function() {\n\t\t\t\t\tconst style = document.createElement( 'style' );\n\t\t\t\t\tstyle.appendChild( document.createTextNode( '#wpforms-585-field_1-container { position: absolute !important; overflow: hidden !important; display: inline !important; height: 1px !important; width: 1px !important; z-index: -1000 !important; padding: 0 !important; } #wpforms-585-field_1-container input { visibility: hidden; } #wpforms-conversational-form-page #wpforms-585-field_1-container label { counter-increment: none; }' ) );\n\t\t\t\t\tdocument.head.appendChild( style );\n\t\t\t\t\tdocument.currentScript?.remove();\n\t\t\t\t} )();\n\t\t\t<\/script><\/div><!-- .wpforms-field-container --><div class=\"wpforms-submit-container\" ><input type=\"hidden\" name=\"wpforms[id]\" value=\"585\"><input type=\"hidden\" name=\"page_title\" value=\"\"><input type=\"hidden\" name=\"page_url\" value=\"https:\/\/itgrienenest.nl\/de\/wp-json\/wp\/v2\/pages\/598\"><input type=\"hidden\" name=\"url_referer\" value=\"\"><button type=\"submit\" name=\"wpforms[submit]\" id=\"wpforms-submit-585\" class=\"wpforms-submit\" data-alt-text=\"Verzenden...\" data-submit-text=\"Verzend\" aria-live=\"assertive\" value=\"wpforms-submit\">Verzend<\/button><img decoding=\"async\" src=\"https:\/\/itgrienenest.nl\/wp-content\/plugins\/wpforms-lite\/assets\/images\/submit-spin.svg\" class=\"wpforms-submit-spinner\" style=\"display: none;\" width=\"26\" height=\"26\" alt=\"Wird geladen\"><\/div><\/form><\/div>  <!-- .wpforms-container -->","protected":false},"excerpt":{"rendered":"<p>\ud83c\udf3f Reserveren bij It Griene N\u00east Nederlands Wil je bij ons komen overnachten met je camper?Vul hieronder eenvoudig je gegevens in en dien een reserveringsaanvraag in. Na je aanvraag:\u2705 controleren wij de beschikbaarheid\u2705 ontvang je binnen 24 uur een persoonlijke bevestiging per e-mail Let op:Dit is een aanvraag, geen directe boeking.Je plek is pas definitief&#8230;<\/p>","protected":false},"author":1,"featured_media":0,"parent":0,"menu_order":0,"comment_status":"closed","ping_status":"closed","template":"","meta":{"_monsterinsights_skip_tracking":false,"_monsterinsights_sitenote_active":false,"_monsterinsights_sitenote_note":"","_monsterinsights_sitenote_category":0,"_kadence_starter_templates_imported_post":false,"_kad_post_transparent":"","_kad_post_title":"","_kad_post_layout":"","_kad_post_sidebar_id":"","_kad_post_content_style":"","_kad_post_vertical_padding":"","_kad_post_feature":"","_kad_post_feature_position":"","_kad_post_header":false,"_kad_post_footer":false,"_kad_post_classname":"","_glsr_average":0,"_glsr_ranking":0,"_glsr_reviews":0,"footnotes":""},"class_list":["post-598","page","type-page","status-publish","hentry"],"aioseo_notices":[],"_links":{"self":[{"href":"https:\/\/itgrienenest.nl\/de\/wp-json\/wp\/v2\/pages\/598","targetHints":{"allow":["GET"]}}],"collection":[{"href":"https:\/\/itgrienenest.nl\/de\/wp-json\/wp\/v2\/pages"}],"about":[{"href":"https:\/\/itgrienenest.nl\/de\/wp-json\/wp\/v2\/types\/page"}],"author":[{"embeddable":true,"href":"https:\/\/itgrienenest.nl\/de\/wp-json\/wp\/v2\/users\/1"}],"replies":[{"embeddable":true,"href":"https:\/\/itgrienenest.nl\/de\/wp-json\/wp\/v2\/comments?post=598"}],"version-history":[{"count":2,"href":"https:\/\/itgrienenest.nl\/de\/wp-json\/wp\/v2\/pages\/598\/revisions"}],"predecessor-version":[{"id":608,"href":"https:\/\/itgrienenest.nl\/de\/wp-json\/wp\/v2\/pages\/598\/revisions\/608"}],"wp:attachment":[{"href":"https:\/\/itgrienenest.nl\/de\/wp-json\/wp\/v2\/media?parent=598"}],"curies":[{"name":"wp","href":"https:\/\/api.w.org\/{rel}","templated":true}]}}