{"id":386,"date":"2026-01-21T12:32:39","date_gmt":"2026-01-21T12:32:39","guid":{"rendered":"https:\/\/itgrienenest.nl\/?page_id=386"},"modified":"2026-03-21T21:10:10","modified_gmt":"2026-03-21T21:10:10","slug":"voorzieningen","status":"publish","type":"page","link":"https:\/\/itgrienenest.nl\/de\/voorzieningen\/","title":{"rendered":"Einrichtungen"},"content":{"rendered":"<h1 class=\"wp-block-heading\">Voorzieningen bij It Griene N\u00east<\/h1>\n\n\n\n<figure class=\"wp-block-gallery has-nested-images columns-default is-cropped wp-block-gallery-1 is-layout-flex wp-block-gallery-is-layout-flex\">\n<figure class=\"wp-block-image alignwide size-large is-style-default\"><img fetchpriority=\"high\" decoding=\"async\" width=\"1024\" height=\"576\" data-id=\"681\" src=\"https:\/\/itgrienenest.nl\/wp-content\/uploads\/2026\/03\/IMG_4766-1024x576.jpeg\" alt=\"\" class=\"wp-image-681\" srcset=\"https:\/\/itgrienenest.nl\/wp-content\/uploads\/2026\/03\/IMG_4766-1024x576.jpeg 1024w, https:\/\/itgrienenest.nl\/wp-content\/uploads\/2026\/03\/IMG_4766-300x169.jpeg 300w, https:\/\/itgrienenest.nl\/wp-content\/uploads\/2026\/03\/IMG_4766-768x432.jpeg 768w, https:\/\/itgrienenest.nl\/wp-content\/uploads\/2026\/03\/IMG_4766-1536x864.jpeg 1536w, https:\/\/itgrienenest.nl\/wp-content\/uploads\/2026\/03\/IMG_4766-2048x1152.jpeg 2048w, https:\/\/itgrienenest.nl\/wp-content\/uploads\/2026\/03\/IMG_4766-18x10.jpeg 18w, https:\/\/itgrienenest.nl\/wp-content\/uploads\/2026\/03\/IMG_4766-600x338.jpeg 600w\" sizes=\"(max-width: 1024px) 100vw, 1024px\" \/><\/figure>\n\n\n\n<figure class=\"wp-block-image alignwide size-large\"><img decoding=\"async\" width=\"1024\" height=\"576\" data-id=\"682\" src=\"https:\/\/itgrienenest.nl\/wp-content\/uploads\/2026\/03\/IMG_4773-1024x576.jpeg\" alt=\"\" class=\"wp-image-682\" srcset=\"https:\/\/itgrienenest.nl\/wp-content\/uploads\/2026\/03\/IMG_4773-1024x576.jpeg 1024w, https:\/\/itgrienenest.nl\/wp-content\/uploads\/2026\/03\/IMG_4773-300x169.jpeg 300w, https:\/\/itgrienenest.nl\/wp-content\/uploads\/2026\/03\/IMG_4773-768x432.jpeg 768w, https:\/\/itgrienenest.nl\/wp-content\/uploads\/2026\/03\/IMG_4773-1536x864.jpeg 1536w, https:\/\/itgrienenest.nl\/wp-content\/uploads\/2026\/03\/IMG_4773-2048x1152.jpeg 2048w, https:\/\/itgrienenest.nl\/wp-content\/uploads\/2026\/03\/IMG_4773-18x10.jpeg 18w, https:\/\/itgrienenest.nl\/wp-content\/uploads\/2026\/03\/IMG_4773-600x338.jpeg 600w\" sizes=\"(max-width: 1024px) 100vw, 1024px\" \/><\/figure>\n\n\n<div class=\"wp-block-image\">\n<figure class=\"aligncenter size-large\"><img decoding=\"async\" width=\"576\" height=\"1024\" data-id=\"683\" src=\"https:\/\/itgrienenest.nl\/wp-content\/uploads\/2026\/03\/IMG_4774-576x1024.jpeg\" alt=\"\" class=\"wp-image-683\" srcset=\"https:\/\/itgrienenest.nl\/wp-content\/uploads\/2026\/03\/IMG_4774-576x1024.jpeg 576w, https:\/\/itgrienenest.nl\/wp-content\/uploads\/2026\/03\/IMG_4774-169x300.jpeg 169w, https:\/\/itgrienenest.nl\/wp-content\/uploads\/2026\/03\/IMG_4774-768x1365.jpeg 768w, https:\/\/itgrienenest.nl\/wp-content\/uploads\/2026\/03\/IMG_4774-864x1536.jpeg 864w, https:\/\/itgrienenest.nl\/wp-content\/uploads\/2026\/03\/IMG_4774-1152x2048.jpeg 1152w, https:\/\/itgrienenest.nl\/wp-content\/uploads\/2026\/03\/IMG_4774-7x12.jpeg 7w, https:\/\/itgrienenest.nl\/wp-content\/uploads\/2026\/03\/IMG_4774-600x1066.jpeg 600w, https:\/\/itgrienenest.nl\/wp-content\/uploads\/2026\/03\/IMG_4774.jpeg 1330w\" sizes=\"(max-width: 576px) 100vw, 576px\" \/><\/figure>\n<\/div>\n\n<div class=\"wp-block-image\">\n<figure class=\"aligncenter size-large\"><img loading=\"lazy\" decoding=\"async\" width=\"576\" height=\"1024\" data-id=\"684\" src=\"https:\/\/itgrienenest.nl\/wp-content\/uploads\/2026\/03\/IMG_4775-576x1024.jpeg\" alt=\"\" class=\"wp-image-684\" srcset=\"https:\/\/itgrienenest.nl\/wp-content\/uploads\/2026\/03\/IMG_4775-576x1024.jpeg 576w, https:\/\/itgrienenest.nl\/wp-content\/uploads\/2026\/03\/IMG_4775-169x300.jpeg 169w, https:\/\/itgrienenest.nl\/wp-content\/uploads\/2026\/03\/IMG_4775-768x1365.jpeg 768w, https:\/\/itgrienenest.nl\/wp-content\/uploads\/2026\/03\/IMG_4775-864x1536.jpeg 864w, https:\/\/itgrienenest.nl\/wp-content\/uploads\/2026\/03\/IMG_4775-1152x2048.jpeg 1152w, https:\/\/itgrienenest.nl\/wp-content\/uploads\/2026\/03\/IMG_4775-7x12.jpeg 7w, https:\/\/itgrienenest.nl\/wp-content\/uploads\/2026\/03\/IMG_4775-600x1066.jpeg 600w, https:\/\/itgrienenest.nl\/wp-content\/uploads\/2026\/03\/IMG_4775.jpeg 1330w\" sizes=\"(max-width: 576px) 100vw, 576px\" \/><\/figure>\n<\/div>\n\n\n<figure class=\"wp-block-image alignwide size-large\"><img loading=\"lazy\" decoding=\"async\" width=\"1024\" height=\"576\" data-id=\"688\" src=\"https:\/\/itgrienenest.nl\/wp-content\/uploads\/2026\/03\/IMG_4882-1024x576.jpeg\" alt=\"\" class=\"wp-image-688\" srcset=\"https:\/\/itgrienenest.nl\/wp-content\/uploads\/2026\/03\/IMG_4882-1024x576.jpeg 1024w, https:\/\/itgrienenest.nl\/wp-content\/uploads\/2026\/03\/IMG_4882-300x169.jpeg 300w, https:\/\/itgrienenest.nl\/wp-content\/uploads\/2026\/03\/IMG_4882-768x432.jpeg 768w, https:\/\/itgrienenest.nl\/wp-content\/uploads\/2026\/03\/IMG_4882-1536x864.jpeg 1536w, https:\/\/itgrienenest.nl\/wp-content\/uploads\/2026\/03\/IMG_4882-2048x1152.jpeg 2048w, https:\/\/itgrienenest.nl\/wp-content\/uploads\/2026\/03\/IMG_4882-18x10.jpeg 18w, https:\/\/itgrienenest.nl\/wp-content\/uploads\/2026\/03\/IMG_4882-600x338.jpeg 600w\" sizes=\"(max-width: 1024px) 100vw, 1024px\" \/><\/figure>\n\n\n\n<figure class=\"wp-block-image alignwide size-large\"><img loading=\"lazy\" decoding=\"async\" width=\"1024\" height=\"576\" data-id=\"689\" src=\"https:\/\/itgrienenest.nl\/wp-content\/uploads\/2026\/03\/IMG_4883-1024x576.jpeg\" alt=\"\" class=\"wp-image-689\" srcset=\"https:\/\/itgrienenest.nl\/wp-content\/uploads\/2026\/03\/IMG_4883-1024x576.jpeg 1024w, https:\/\/itgrienenest.nl\/wp-content\/uploads\/2026\/03\/IMG_4883-300x169.jpeg 300w, https:\/\/itgrienenest.nl\/wp-content\/uploads\/2026\/03\/IMG_4883-768x432.jpeg 768w, https:\/\/itgrienenest.nl\/wp-content\/uploads\/2026\/03\/IMG_4883-1536x864.jpeg 1536w, https:\/\/itgrienenest.nl\/wp-content\/uploads\/2026\/03\/IMG_4883-2048x1152.jpeg 2048w, https:\/\/itgrienenest.nl\/wp-content\/uploads\/2026\/03\/IMG_4883-18x10.jpeg 18w, https:\/\/itgrienenest.nl\/wp-content\/uploads\/2026\/03\/IMG_4883-600x338.jpeg 600w\" sizes=\"(max-width: 1024px) 100vw, 1024px\" \/><\/figure>\n\n\n\n<figure class=\"wp-block-image alignwide size-large\"><img loading=\"lazy\" decoding=\"async\" width=\"1024\" height=\"576\" data-id=\"687\" src=\"https:\/\/itgrienenest.nl\/wp-content\/uploads\/2026\/03\/IMG_4881-1024x576.jpeg\" alt=\"\" class=\"wp-image-687\" srcset=\"https:\/\/itgrienenest.nl\/wp-content\/uploads\/2026\/03\/IMG_4881-1024x576.jpeg 1024w, https:\/\/itgrienenest.nl\/wp-content\/uploads\/2026\/03\/IMG_4881-300x169.jpeg 300w, https:\/\/itgrienenest.nl\/wp-content\/uploads\/2026\/03\/IMG_4881-768x432.jpeg 768w, https:\/\/itgrienenest.nl\/wp-content\/uploads\/2026\/03\/IMG_4881-1536x864.jpeg 1536w, https:\/\/itgrienenest.nl\/wp-content\/uploads\/2026\/03\/IMG_4881-2048x1152.jpeg 2048w, https:\/\/itgrienenest.nl\/wp-content\/uploads\/2026\/03\/IMG_4881-18x10.jpeg 18w, https:\/\/itgrienenest.nl\/wp-content\/uploads\/2026\/03\/IMG_4881-600x338.jpeg 600w\" sizes=\"(max-width: 1024px) 100vw, 1024px\" \/><\/figure>\n\n\n\n<figure class=\"wp-block-image alignwide size-large\"><img loading=\"lazy\" decoding=\"async\" width=\"1024\" height=\"576\" data-id=\"686\" src=\"https:\/\/itgrienenest.nl\/wp-content\/uploads\/2026\/03\/IMG_4880-1024x576.jpeg\" alt=\"\" class=\"wp-image-686\" srcset=\"https:\/\/itgrienenest.nl\/wp-content\/uploads\/2026\/03\/IMG_4880-1024x576.jpeg 1024w, https:\/\/itgrienenest.nl\/wp-content\/uploads\/2026\/03\/IMG_4880-300x169.jpeg 300w, https:\/\/itgrienenest.nl\/wp-content\/uploads\/2026\/03\/IMG_4880-768x432.jpeg 768w, https:\/\/itgrienenest.nl\/wp-content\/uploads\/2026\/03\/IMG_4880-1536x864.jpeg 1536w, https:\/\/itgrienenest.nl\/wp-content\/uploads\/2026\/03\/IMG_4880-2048x1152.jpeg 2048w, https:\/\/itgrienenest.nl\/wp-content\/uploads\/2026\/03\/IMG_4880-18x10.jpeg 18w, https:\/\/itgrienenest.nl\/wp-content\/uploads\/2026\/03\/IMG_4880-600x338.jpeg 600w\" sizes=\"(max-width: 1024px) 100vw, 1024px\" \/><\/figure>\n\n\n\n<figure class=\"wp-block-image alignwide size-large\"><img loading=\"lazy\" decoding=\"async\" width=\"1024\" height=\"576\" data-id=\"695\" src=\"https:\/\/itgrienenest.nl\/wp-content\/uploads\/2026\/03\/IMG_4889-1024x576.jpeg\" alt=\"\" class=\"wp-image-695\" srcset=\"https:\/\/itgrienenest.nl\/wp-content\/uploads\/2026\/03\/IMG_4889-1024x576.jpeg 1024w, https:\/\/itgrienenest.nl\/wp-content\/uploads\/2026\/03\/IMG_4889-300x169.jpeg 300w, https:\/\/itgrienenest.nl\/wp-content\/uploads\/2026\/03\/IMG_4889-768x432.jpeg 768w, https:\/\/itgrienenest.nl\/wp-content\/uploads\/2026\/03\/IMG_4889-1536x864.jpeg 1536w, https:\/\/itgrienenest.nl\/wp-content\/uploads\/2026\/03\/IMG_4889-2048x1152.jpeg 2048w, https:\/\/itgrienenest.nl\/wp-content\/uploads\/2026\/03\/IMG_4889-18x10.jpeg 18w, https:\/\/itgrienenest.nl\/wp-content\/uploads\/2026\/03\/IMG_4889-600x338.jpeg 600w\" sizes=\"(max-width: 1024px) 100vw, 1024px\" \/><\/figure>\n\n\n\n<figure class=\"wp-block-image alignwide size-large\"><img loading=\"lazy\" decoding=\"async\" width=\"1024\" height=\"576\" data-id=\"694\" src=\"https:\/\/itgrienenest.nl\/wp-content\/uploads\/2026\/03\/IMG_4888-1024x576.jpeg\" alt=\"\" class=\"wp-image-694\" srcset=\"https:\/\/itgrienenest.nl\/wp-content\/uploads\/2026\/03\/IMG_4888-1024x576.jpeg 1024w, https:\/\/itgrienenest.nl\/wp-content\/uploads\/2026\/03\/IMG_4888-300x169.jpeg 300w, https:\/\/itgrienenest.nl\/wp-content\/uploads\/2026\/03\/IMG_4888-768x432.jpeg 768w, https:\/\/itgrienenest.nl\/wp-content\/uploads\/2026\/03\/IMG_4888-1536x864.jpeg 1536w, https:\/\/itgrienenest.nl\/wp-content\/uploads\/2026\/03\/IMG_4888-2048x1152.jpeg 2048w, https:\/\/itgrienenest.nl\/wp-content\/uploads\/2026\/03\/IMG_4888-18x10.jpeg 18w, https:\/\/itgrienenest.nl\/wp-content\/uploads\/2026\/03\/IMG_4888-600x338.jpeg 600w\" sizes=\"(max-width: 1024px) 100vw, 1024px\" \/><\/figure>\n\n\n\n<figure class=\"wp-block-image alignwide size-large\"><img loading=\"lazy\" decoding=\"async\" width=\"1024\" height=\"576\" data-id=\"690\" src=\"https:\/\/itgrienenest.nl\/wp-content\/uploads\/2026\/03\/IMG_4884-1024x576.jpeg\" alt=\"\" class=\"wp-image-690\" srcset=\"https:\/\/itgrienenest.nl\/wp-content\/uploads\/2026\/03\/IMG_4884-1024x576.jpeg 1024w, https:\/\/itgrienenest.nl\/wp-content\/uploads\/2026\/03\/IMG_4884-300x169.jpeg 300w, https:\/\/itgrienenest.nl\/wp-content\/uploads\/2026\/03\/IMG_4884-768x432.jpeg 768w, https:\/\/itgrienenest.nl\/wp-content\/uploads\/2026\/03\/IMG_4884-1536x864.jpeg 1536w, https:\/\/itgrienenest.nl\/wp-content\/uploads\/2026\/03\/IMG_4884-2048x1152.jpeg 2048w, https:\/\/itgrienenest.nl\/wp-content\/uploads\/2026\/03\/IMG_4884-18x10.jpeg 18w, https:\/\/itgrienenest.nl\/wp-content\/uploads\/2026\/03\/IMG_4884-600x338.jpeg 600w\" sizes=\"(max-width: 1024px) 100vw, 1024px\" \/><\/figure>\n<\/figure>\n\n\n\n<h3 class=\"wp-block-heading\"><strong>Grote camperplekken<\/strong><\/h3>\n\n\n\n<p>Alle Wohnmobilstellpl\u00e4tze bestehen aus einer Kombination von halb gepflasterten Fl\u00e4chen und einem Streifen aus Gras. Die Breite eines Wohnmobilstellplatzes betr\u00e4gt 3,5 Meter bei einer Mindestl\u00e4nge von 8 Metern. Zus\u00e4tzlich gibt es auf der S\u00fcdseite einen Gr\u00fcnstreifen von 4 Metern Breite. Damit hat jeder Platz eine Gesamtbreite von 7,5 Metern und eine Mindestl\u00e4nge von 8 Metern. <\/p>\n\n\n\n<h3 class=\"wp-block-heading\"><strong>Stroom van 10 amp\u00e8re<\/strong><\/h3>\n\n\n\n<p>Op elke plaats is een eigen stroomvoorziening aanwezig. Zodra je incheckt zal de stroom automatisch worden ingeschakeld. Je kunt dit zien aan het groene lampje wat begint te branden. U hoeft er geen gebruik van te maken, maar doet u dit wel, dan wordt het verrekend wanneer u bij ons uitcheckt. Het verbruik wordt automatisch uitgelezen door ons systeem bij vertrek. Er wordt dus betaald per afgenomen kwh.<\/p>\n\n\n\n<h3 class=\"wp-block-heading\"><strong>Toiletten &amp; warme douches<\/strong><\/h3>\n\n\n\n<p>Onze camping beschikt over nieuw sanitair. Bij onze overkapping midden op het terrein bevinden zicht twee toiletten, twee douches en een wastafelruimte, ook is er een keukentje aanwezig, die geschikt is voor de afwas. &nbsp;<\/p>\n\n\n\n<h3 class=\"wp-block-heading\"><strong>Gemeinsamer Sitzbereich<\/strong><\/h3>\n\n\n\n<p>In het midden van ons terrein hebben wij twee picknick tafels staan, die gebruikt mogen worden door iedereen. Hier kun je samen met andere campinggasten genieten van een bakje koffie of thee of &#8217;s avonds tijdens zonsondergang van een borrel.&nbsp;\ud83c\udf3b<\/p>\n\n\n\n<h3 class=\"wp-block-heading\"><strong>Chemisch toilet<\/strong><\/h3>\n\n\n\n<p>Ook is er op het terrein de mogelijkheid om je chemische toilet te legen in de daarvoor bestemde uitstortgootsteen. <\/p>\n\n\n\n<h3 class=\"wp-block-heading\"><strong>Vuilwater lozen<\/strong><\/h3>\n\n\n\n<p>It Griene N\u00east beschikt ook over een put waar je de vuilwatertank kunt lozen. Hiervoor hebben we een speciale put voor campers laten plaatsen. Deze is te bedienen met de voet, om hem open en dicht te doen.<\/p>\n\n\n\n<h3 class=\"wp-block-heading\"><strong>Afvalcontainers<\/strong><\/h3>\n\n\n\n<p>Er is een aparte verzamelplaats voor het innemen van al het afval. Voor alle diverse afvalstromen zijn er verschillende containers aanwezig. Waar alles zich bevind is te zien op de <a href=\"https:\/\/itgrienenest.nl\/de\/plattegrond\/\" title=\"plattegrond\">plattegrond<\/a> van de camperplekken. Deze vind je op de website en bij het sanitairgebouw. <\/p>\n\n\n\n<h2 class=\"wp-block-heading\"><strong>Vragen of opmerkingen?<\/strong><\/h2>\n\n\n\n<p>Wij zijn bereikbaar op het telefoonummer 06-50931201 of via de e-mail op info@itgrienenest.nl voor al je vragen. Ook kun je het onderstaande contactformulier invullen.<\/p>\n\n\n\n<details class=\"wp-block-details is-layout-flow wp-block-details-is-layout-flow\"><summary>Contactformulier<\/summary>\n<div class=\"wp-block-contact-form-7-contact-form-selector\">\n<div class=\"wpcf7 no-js\" id=\"wpcf7-f28-o1\" lang=\"nl-NL\" dir=\"ltr\" data-wpcf7-id=\"28\">\n<div class=\"screen-reader-response\"><p role=\"status\" aria-live=\"polite\" aria-atomic=\"true\"><\/p> <ul><\/ul><\/div>\n<form action=\"\/de\/wp-json\/wp\/v2\/pages\/386#wpcf7-f28-o1\" method=\"post\" class=\"wpcf7-form init\" aria-label=\"Contactformulier\" novalidate=\"novalidate\" data-status=\"init\" data-trp-original-action=\"\/de\/wp-json\/wp\/v2\/pages\/386#wpcf7-f28-o1\">\n<fieldset class=\"hidden-fields-container\"><input type=\"hidden\" name=\"_wpcf7\" value=\"28\" \/><input type=\"hidden\" name=\"_wpcf7_version\" value=\"6.1.5\" \/><input type=\"hidden\" name=\"_wpcf7_locale\" value=\"nl_NL\" \/><input type=\"hidden\" name=\"_wpcf7_unit_tag\" value=\"wpcf7-f28-o1\" \/><input type=\"hidden\" name=\"_wpcf7_container_post\" value=\"0\" \/><input type=\"hidden\" name=\"_wpcf7_posted_data_hash\" value=\"\" \/>\n<\/fieldset>\n<p><label> Je naam<br \/>\n<span class=\"wpcf7-form-control-wrap\" data-name=\"your-name\"><input size=\"40\" maxlength=\"400\" class=\"wpcf7-form-control wpcf7-text wpcf7-validates-as-required\" autocomplete=\"name\" aria-required=\"true\" aria-invalid=\"false\" value=\"\" type=\"text\" name=\"your-name\" \/><\/span> <\/label>\n<\/p>\n<p><label> Je e-mailadres<br \/>\n<span class=\"wpcf7-form-control-wrap\" data-name=\"your-email\"><input size=\"40\" maxlength=\"400\" class=\"wpcf7-form-control wpcf7-email wpcf7-validates-as-required wpcf7-text wpcf7-validates-as-email\" autocomplete=\"email\" aria-required=\"true\" aria-invalid=\"false\" value=\"\" type=\"email\" name=\"your-email\" \/><\/span> <\/label>\n<\/p>\n<p><label> Onderwerp<br \/>\n<span class=\"wpcf7-form-control-wrap\" data-name=\"your-subject\"><input size=\"40\" maxlength=\"400\" class=\"wpcf7-form-control wpcf7-text wpcf7-validates-as-required\" aria-required=\"true\" aria-invalid=\"false\" value=\"\" type=\"text\" name=\"your-subject\" \/><\/span> <\/label>\n<\/p>\n<p><label> Je bericht (optioneel)<br \/>\n<span class=\"wpcf7-form-control-wrap\" data-name=\"your-message\"><textarea cols=\"40\" rows=\"10\" maxlength=\"2000\" class=\"wpcf7-form-control wpcf7-textarea\" aria-invalid=\"false\" name=\"your-message\"><\/textarea><\/span> <\/label>\n<\/p>\n<p><input class=\"wpcf7-form-control wpcf7-submit has-spinner\" type=\"submit\" value=\"Verzenden\" \/>\n<\/p><div class=\"wpcf7-response-output\" aria-hidden=\"true\"><\/div>\n<input type=\"hidden\" name=\"trp-form-language\" value=\"de\"\/><\/form>\n<\/div>\n<\/div>\n<\/details>\n\n\n\n<p><\/p>","protected":false},"excerpt":{"rendered":"<p>Voorzieningen bij It Griene N\u00east Grote camperplekken Alle camperplaatsen bestaan uit een combinatie van halfverharding en een strook gras. De breedte van een camperplaats is 3,5 meter, met een minimale lengte van 8 meter. Daarnaast is er een groenstrook aan de zuidzijde van 4 meter breed. Hierdoor heeft elke plek een totale breedte van 7,5&#8230;<\/p>","protected":false},"author":1,"featured_media":0,"parent":0,"menu_order":0,"comment_status":"closed","ping_status":"closed","template":"","meta":{"_monsterinsights_skip_tracking":false,"_monsterinsights_sitenote_active":false,"_monsterinsights_sitenote_note":"","_monsterinsights_sitenote_category":0,"_kadence_starter_templates_imported_post":false,"_kad_post_transparent":"","_kad_post_title":"","_kad_post_layout":"","_kad_post_sidebar_id":"","_kad_post_content_style":"","_kad_post_vertical_padding":"","_kad_post_feature":"","_kad_post_feature_position":"","_kad_post_header":false,"_kad_post_footer":false,"_kad_post_classname":"","_glsr_average":0,"_glsr_ranking":0,"_glsr_reviews":0,"footnotes":""},"class_list":["post-386","page","type-page","status-publish","hentry"],"aioseo_notices":[],"_links":{"self":[{"href":"https:\/\/itgrienenest.nl\/de\/wp-json\/wp\/v2\/pages\/386","targetHints":{"allow":["GET"]}}],"collection":[{"href":"https:\/\/itgrienenest.nl\/de\/wp-json\/wp\/v2\/pages"}],"about":[{"href":"https:\/\/itgrienenest.nl\/de\/wp-json\/wp\/v2\/types\/page"}],"author":[{"embeddable":true,"href":"https:\/\/itgrienenest.nl\/de\/wp-json\/wp\/v2\/users\/1"}],"replies":[{"embeddable":true,"href":"https:\/\/itgrienenest.nl\/de\/wp-json\/wp\/v2\/comments?post=386"}],"version-history":[{"count":11,"href":"https:\/\/itgrienenest.nl\/de\/wp-json\/wp\/v2\/pages\/386\/revisions"}],"predecessor-version":[{"id":712,"href":"https:\/\/itgrienenest.nl\/de\/wp-json\/wp\/v2\/pages\/386\/revisions\/712"}],"wp:attachment":[{"href":"https:\/\/itgrienenest.nl\/de\/wp-json\/wp\/v2\/media?parent=386"}],"curies":[{"name":"wp","href":"https:\/\/api.w.org\/{rel}","templated":true}]}}